{"id":531,"date":"2023-11-23T07:50:07","date_gmt":"2023-11-23T07:50:07","guid":{"rendered":"https:\/\/bego-fumero.temp.libnamic.eu\/?page_id=531"},"modified":"2023-11-23T07:52:05","modified_gmt":"2023-11-23T07:52:05","slug":"declaracion-de-accesibilidad","status":"publish","type":"page","link":"https:\/\/begofumero.com\/en\/declaracion-de-accesibilidad\/","title":{"rendered":"Declaraci\u00f3n de Accesibilidad"},"content":{"rendered":"<p>Bego\u00f1a P\u00e9rez Fumero, con DNI 78715740B, en representaci\u00f3n de&nbsp;<a target=\"_blank\" href=\"https:\/\/begofumero.com\/en\/\" rel=\"noreferrer noopener\">Begofumero.com<\/a>, se compromete a hacer que su sitio web sea accesible para todas las personas, independientemente de sus habilidades o tecnolog\u00edas. Nos adherimos a las directrices de accesibilidad web establecidas por la W3C (World Wide Web Consortium) para garantizar que nuestro sitio web sea inclusivo y f\u00e1cil de usar para todos.<\/p>\n\n\n\n<p>Nuestro Compromiso con la Accesibilidad:<br>Nuestro objetivo es proporcionar un sitio web que sea accesible para la mayor audiencia posible, incluyendo personas con diversas capacidades. Trabajamos continuamente para mejorar la accesibilidad y la usabilidad de nuestro sitio web para asegurar que toda la informaci\u00f3n y servicios est\u00e9n disponibles para todos.<\/p>\n\n\n\n<p>Acciones para Mejorar la Accesibilidad:<\/p>\n\n\n\n<ul class=\"wp-block-list\">\n<li>Implementamos un dise\u00f1o web receptivo para asegurar una buena experiencia en diferentes dispositivos y tama\u00f1os de pantalla.<\/li>\n\n\n\n<li>Empleamos etiquetas HTML sem\u00e1nticas para mejorar la estructura y la comprensi\u00f3n del sitio.<\/li>\n\n\n\n<li>Nos aseguramos de que el contraste de colores y el tama\u00f1o de la fuente faciliten la lectura y la navegaci\u00f3n.<\/li>\n\n\n\n<li>Proveemos descripciones textuales para im\u00e1genes y otros elementos no textuales.<\/li>\n<\/ul>\n\n\n\n<p>Comentarios y Contacto:<br>Entendemos que la accesibilidad es un proceso continuo y estamos abiertos a recibir comentarios para mejorarla. Si tiene alguna dificultad para acceder a nuestro sitio web o si tiene sugerencias que puedan ayudarnos a mejorar, por favor cont\u00e1ctenos en&nbsp;<a target=\"_blank\" href=\"mailto:info@begofumero.com\" rel=\"noreferrer noopener\">info@begofumero.com<\/a>. Valoramos sus comentarios y los consideraremos seriamente para mejorar la experiencia de todos nuestros usuarios.<\/p>\n\n\n\n<p>Fecha de Actualizaci\u00f3n de la Declaraci\u00f3n:<br>Esta declaraci\u00f3n de accesibilidad se actualiz\u00f3 por \u00faltima vez el 23 de noviembre de 2023<\/p>","protected":false},"excerpt":{"rendered":"<p>Bego\u00f1a P\u00e9rez Fumero, con DNI 78715740B, en representaci\u00f3n de&nbsp;Begofumero.com, se compromete a hacer que su sitio web sea accesible para todas las personas, independientemente de sus habilidades o tecnolog\u00edas. Nos adherimos a las directrices de accesibilidad web establecidas por la W3C (World Wide Web Consortium) para garantizar que nuestro sitio web sea inclusivo y f\u00e1cil [&hellip;]<\/p>","protected":false},"author":1,"featured_media":0,"parent":0,"menu_order":0,"comment_status":"closed","ping_status":"closed","template":"","meta":{"footnotes":""},"class_list":["post-531","page","type-page","status-publish","hentry"],"yoast_head":"<!-- This site is optimized with the Yoast SEO plugin v21.7 - https:\/\/yoast.com\/wordpress\/plugins\/seo\/ -->\n<title>Declaraci\u00f3n de Accesibilidad - Bego Fumero<\/title>\n<meta name=\"robots\" content=\"index, follow, max-snippet:-1, max-image-preview:large, max-video-preview:-1\" \/>\n<link rel=\"canonical\" href=\"https:\/\/begofumero.com\/en\/declaracion-de-accesibilidad\/\" \/>\n<meta property=\"og:locale\" content=\"en_GB\" \/>\n<meta property=\"og:type\" content=\"article\" \/>\n<meta property=\"og:title\" content=\"Declaraci\u00f3n de Accesibilidad - Bego Fumero\" \/>\n<meta property=\"og:description\" content=\"Bego\u00f1a P\u00e9rez Fumero, con DNI 78715740B, en representaci\u00f3n de&nbsp;Begofumero.com, se compromete a hacer que su sitio web sea accesible para todas las personas, independientemente de sus habilidades o tecnolog\u00edas. Nos adherimos a las directrices de accesibilidad web establecidas por la W3C (World Wide Web Consortium) para garantizar que nuestro sitio web sea inclusivo y f\u00e1cil [&hellip;]\" \/>\n<meta property=\"og:url\" content=\"https:\/\/begofumero.com\/en\/declaracion-de-accesibilidad\/\" \/>\n<meta property=\"og:site_name\" content=\"Bego Fumero\" \/>\n<meta property=\"article:modified_time\" content=\"2023-11-23T07:52:05+00:00\" \/>\n<meta name=\"twitter:card\" content=\"summary_large_image\" \/>\n<meta name=\"twitter:label1\" content=\"Estimated reading time\" \/>\n\t<meta name=\"twitter:data1\" content=\"1 minute\" \/>\n<script type=\"application\/ld+json\" class=\"yoast-schema-graph\">{\"@context\":\"https:\/\/schema.org\",\"@graph\":[{\"@type\":\"WebPage\",\"@id\":\"https:\/\/begofumero.com\/declaracion-de-accesibilidad\/\",\"url\":\"https:\/\/begofumero.com\/declaracion-de-accesibilidad\/\",\"name\":\"Declaraci\u00f3n de Accesibilidad - Bego Fumero\",\"isPartOf\":{\"@id\":\"https:\/\/begofumero.com\/#website\"},\"datePublished\":\"2023-11-23T07:50:07+00:00\",\"dateModified\":\"2023-11-23T07:52:05+00:00\",\"breadcrumb\":{\"@id\":\"https:\/\/begofumero.com\/declaracion-de-accesibilidad\/#breadcrumb\"},\"inLanguage\":\"en-GB\",\"potentialAction\":[{\"@type\":\"ReadAction\",\"target\":[\"https:\/\/begofumero.com\/declaracion-de-accesibilidad\/\"]}]},{\"@type\":\"BreadcrumbList\",\"@id\":\"https:\/\/begofumero.com\/declaracion-de-accesibilidad\/#breadcrumb\",\"itemListElement\":[{\"@type\":\"ListItem\",\"position\":1,\"name\":\"Portada\",\"item\":\"https:\/\/begofumero.com\/\"},{\"@type\":\"ListItem\",\"position\":2,\"name\":\"Declaraci\u00f3n de Accesibilidad\"}]},{\"@type\":\"WebSite\",\"@id\":\"https:\/\/begofumero.com\/#website\",\"url\":\"https:\/\/begofumero.com\/\",\"name\":\"Bego Fumero\",\"description\":\"\",\"potentialAction\":[{\"@type\":\"SearchAction\",\"target\":{\"@type\":\"EntryPoint\",\"urlTemplate\":\"https:\/\/begofumero.com\/?s={search_term_string}\"},\"query-input\":\"required name=search_term_string\"}],\"inLanguage\":\"en-GB\"}]}<\/script>\n<!-- \/ Yoast SEO plugin. -->","yoast_head_json":{"title":"Declaraci\u00f3n de Accesibilidad - Bego Fumero","robots":{"index":"index","follow":"follow","max-snippet":"max-snippet:-1","max-image-preview":"max-image-preview:large","max-video-preview":"max-video-preview:-1"},"canonical":"https:\/\/begofumero.com\/en\/declaracion-de-accesibilidad\/","og_locale":"en_GB","og_type":"article","og_title":"Declaraci\u00f3n de Accesibilidad - Bego Fumero","og_description":"Bego\u00f1a P\u00e9rez Fumero, con DNI 78715740B, en representaci\u00f3n de&nbsp;Begofumero.com, se compromete a hacer que su sitio web sea accesible para todas las personas, independientemente de sus habilidades o tecnolog\u00edas. Nos adherimos a las directrices de accesibilidad web establecidas por la W3C (World Wide Web Consortium) para garantizar que nuestro sitio web sea inclusivo y f\u00e1cil [&hellip;]","og_url":"https:\/\/begofumero.com\/en\/declaracion-de-accesibilidad\/","og_site_name":"Bego Fumero","article_modified_time":"2023-11-23T07:52:05+00:00","twitter_card":"summary_large_image","twitter_misc":{"Estimated reading time":"1 minute"},"schema":{"@context":"https:\/\/schema.org","@graph":[{"@type":"WebPage","@id":"https:\/\/begofumero.com\/declaracion-de-accesibilidad\/","url":"https:\/\/begofumero.com\/declaracion-de-accesibilidad\/","name":"Declaraci\u00f3n de Accesibilidad - Bego Fumero","isPartOf":{"@id":"https:\/\/begofumero.com\/#website"},"datePublished":"2023-11-23T07:50:07+00:00","dateModified":"2023-11-23T07:52:05+00:00","breadcrumb":{"@id":"https:\/\/begofumero.com\/declaracion-de-accesibilidad\/#breadcrumb"},"inLanguage":"en-GB","potentialAction":[{"@type":"ReadAction","target":["https:\/\/begofumero.com\/declaracion-de-accesibilidad\/"]}]},{"@type":"BreadcrumbList","@id":"https:\/\/begofumero.com\/declaracion-de-accesibilidad\/#breadcrumb","itemListElement":[{"@type":"ListItem","position":1,"name":"Portada","item":"https:\/\/begofumero.com\/"},{"@type":"ListItem","position":2,"name":"Declaraci\u00f3n de Accesibilidad"}]},{"@type":"WebSite","@id":"https:\/\/begofumero.com\/#website","url":"https:\/\/begofumero.com\/","name":"Bego Fumero","description":"","potentialAction":[{"@type":"SearchAction","target":{"@type":"EntryPoint","urlTemplate":"https:\/\/begofumero.com\/?s={search_term_string}"},"query-input":"required name=search_term_string"}],"inLanguage":"en-GB"}]}},"_links":{"self":[{"href":"https:\/\/begofumero.com\/en\/wp-json\/wp\/v2\/pages\/531","targetHints":{"allow":["GET"]}}],"collection":[{"href":"https:\/\/begofumero.com\/en\/wp-json\/wp\/v2\/pages"}],"about":[{"href":"https:\/\/begofumero.com\/en\/wp-json\/wp\/v2\/types\/page"}],"author":[{"embeddable":true,"href":"https:\/\/begofumero.com\/en\/wp-json\/wp\/v2\/users\/1"}],"replies":[{"embeddable":true,"href":"https:\/\/begofumero.com\/en\/wp-json\/wp\/v2\/comments?post=531"}],"version-history":[{"count":3,"href":"https:\/\/begofumero.com\/en\/wp-json\/wp\/v2\/pages\/531\/revisions"}],"predecessor-version":[{"id":538,"href":"https:\/\/begofumero.com\/en\/wp-json\/wp\/v2\/pages\/531\/revisions\/538"}],"wp:attachment":[{"href":"https:\/\/begofumero.com\/en\/wp-json\/wp\/v2\/media?parent=531"}],"curies":[{"name":"wp","href":"https:\/\/api.w.org\/{rel}","templated":true}]}}